{"id":1328,"date":"2025-11-11T12:21:19","date_gmt":"2025-11-11T11:21:19","guid":{"rendered":"https:\/\/patriciavila.crealogica.eu\/lichtvis\/recht-op-eer-privacy-en-eigen-beeld\/"},"modified":"2026-01-29T16:09:19","modified_gmt":"2026-01-29T15:09:19","slug":"recht-op-eer-privacy-en-eigen-beeld","status":"publish","type":"page","link":"https:\/\/www.lexpertabogados.com\/nl\/pez-luz\/recht-op-eer-privacy-en-eigen-beeld\/","title":{"rendered":"Recht op eer, privacy en eigen beeld"},"content":{"rendered":"\t\t<div data-elementor-type=\"wp-page\" data-elementor-id=\"1328\" class=\"elementor elementor-1328 elementor-253\" data-elementor-post-type=\"page\">\n\t\t\t\t<div class=\"elementor-element elementor-element-6c563179 e-flex e-con-boxed e-con e-parent\" data-id=\"6c563179\" data-element_type=\"container\" data-e-type=\"container\" data-settings=\"{&quot;background_background&quot;:&quot;classic&quot;}\">\n\t\t\t\t\t<div class=\"e-con-inner\">\n\t\t<div class=\"elementor-element elementor-element-7479865f e-con-full e-flex e-con e-child\" data-id=\"7479865f\" data-element_type=\"container\" data-e-type=\"container\">\n\t\t\t\t<\/div>\n\t\t<div class=\"elementor-element elementor-element-b8e4884 e-con-full e-flex e-con e-child\" data-id=\"b8e4884\" data-element_type=\"container\" data-e-type=\"container\">\n\t\t<div class=\"elementor-element elementor-element-fc7df93 e-con-full e-flex e-con e-child\" data-id=\"fc7df93\" data-element_type=\"container\" data-e-type=\"container\">\n\t\t\t\t<div class=\"elementor-element elementor-element-232efac neonrosa elementor-widget elementor-widget-heading\" data-id=\"232efac\" data-element_type=\"widget\" data-e-type=\"widget\" data-widget_type=\"heading.default\">\n\t\t\t\t\t<h1 class=\"elementor-heading-title elementor-size-default\">Recht op eer, privacy en eigen beeld<\/h1>\t\t\t\t<\/div>\n\t\t\t\t<div class=\"elementor-element elementor-element-ddd89e0 elementor-widget elementor-widget-heading\" data-id=\"ddd89e0\" data-element_type=\"widget\" data-e-type=\"widget\" data-widget_type=\"heading.default\">\n\t\t\t\t\t<h2 class=\"elementor-heading-title elementor-size-default\">Digitale specialismen<\/h2>\t\t\t\t<\/div>\n\t\t\t\t<\/div>\n\t\t<div class=\"elementor-element elementor-element-d629325 e-con-full e-flex e-con e-child\" data-id=\"d629325\" data-element_type=\"container\" data-e-type=\"container\">\n\t\t<div class=\"elementor-element elementor-element-1dea722 e-con-full e-flex e-con e-child\" data-id=\"1dea722\" data-element_type=\"container\" data-e-type=\"container\" data-settings=\"{&quot;background_background&quot;:&quot;classic&quot;}\">\n\t\t\t\t<div class=\"elementor-element elementor-element-b3238b9 elementor-widget elementor-widget-heading\" data-id=\"b3238b9\" data-element_type=\"widget\" data-e-type=\"widget\" data-widget_type=\"heading.default\">\n\t\t\t\t\t<h3 class=\"elementor-heading-title elementor-size-default\">Prevenci\u00f3n y respuesta frente a falsificaciones digitales (deepfakes), suplantaciones, difusi\u00f3n no consentida, intromisiones y doxxing; retirada de contenidos, rectificaci\u00f3n y tutela civil urgente.<\/h3>\t\t\t\t<\/div>\n\t\t\t\t<\/div>\n\t\t<div class=\"elementor-element elementor-element-76fe3e2 e-con-full e-flex e-con e-child\" data-id=\"76fe3e2\" data-element_type=\"container\" data-e-type=\"container\">\n\t\t\t\t<div class=\"elementor-element elementor-element-ae7de54 elementor-widget elementor-widget-button\" data-id=\"ae7de54\" data-element_type=\"widget\" data-e-type=\"widget\" data-widget_type=\"button.default\">\n\t\t\t\t\t\t\t\t\t\t<a class=\"elementor-button elementor-button-link elementor-size-sm elementor-animation-shrink\" href=\"https:\/\/www.lexpertabogados.com\/nl\/pez-luz\/\">\n\t\t\t\t\t\t<span class=\"elementor-button-content-wrapper\">\n\t\t\t\t\t\t<span class=\"elementor-button-icon\">\n\t\t\t\t<svg xmlns=\"http:\/\/www.w3.org\/2000\/svg\" fill=\"#fcfcfc\" width=\"800px\" height=\"800px\" viewBox=\"0 0 1920 1920\"><g id=\"SVGRepo_bgCarrier\" stroke-width=\"0\"><\/g><g id=\"SVGRepo_tracerCarrier\" stroke-linecap=\"round\" stroke-linejoin=\"round\"><\/g><g id=\"SVGRepo_iconCarrier\"><path d=\"M615.177 345 0 960.292l615.177 615.177 81.25-81.25-476.467-476.466H1920V902.83H219.96l476.467-476.58z\" fill-rule=\"evenodd\"><\/path><\/g><\/svg>\t\t\t<\/span>\n\t\t\t\t\t\t\t\t\t<span class=\"elementor-button-text\">Pez Luz<\/span>\n\t\t\t\t\t<\/span>\n\t\t\t\t\t<\/a>\n\t\t\t\t\t\t\t\t<\/div>\n\t\t\t\t<\/div>\n\t\t\t\t<\/div>\n\t\t\t\t<\/div>\n\t\t\t\t\t<\/div>\n\t\t\t\t<\/div>\n\t\t\t\t<\/div>\n\t\t","protected":false},"excerpt":{"rendered":"<p>Digitale specialismen Prevenci\u00f3n y respuesta frente a falsificaciones digitales (deepfakes), suplantaciones, difusi\u00f3n no consentida, intromisiones y doxxing; retirada de contenidos, rectificaci\u00f3n y tutela civil urgente. Pez Luz<\/p>\n","protected":false},"author":1,"featured_media":0,"parent":1254,"menu_order":0,"comment_status":"closed","ping_status":"closed","template":"page-templates\/pagebuilder.php","meta":{"zakra_page_container_layout":"customizer","zakra_page_sidebar_layout":"customizer","zakra_remove_content_margin":false,"zakra_sidebar":"customizer","zakra_transparent_header":"customizer","zakra_logo":0,"zakra_main_header_style":"default","zakra_menu_item_color":"","zakra_menu_item_hover_color":"","zakra_menu_item_active_color":"","zakra_menu_active_style":"","zakra_page_header":true,"inline_featured_image":false,"footnotes":""},"class_list":["post-1328","page","type-page","status-publish","hentry"],"_links":{"self":[{"href":"https:\/\/www.lexpertabogados.com\/nl\/wp-json\/wp\/v2\/pages\/1328","targetHints":{"allow":["GET"]}}],"collection":[{"href":"https:\/\/www.lexpertabogados.com\/nl\/wp-json\/wp\/v2\/pages"}],"about":[{"href":"https:\/\/www.lexpertabogados.com\/nl\/wp-json\/wp\/v2\/types\/page"}],"author":[{"embeddable":true,"href":"https:\/\/www.lexpertabogados.com\/nl\/wp-json\/wp\/v2\/users\/1"}],"replies":[{"embeddable":true,"href":"https:\/\/www.lexpertabogados.com\/nl\/wp-json\/wp\/v2\/comments?post=1328"}],"version-history":[{"count":5,"href":"https:\/\/www.lexpertabogados.com\/nl\/wp-json\/wp\/v2\/pages\/1328\/revisions"}],"predecessor-version":[{"id":1908,"href":"https:\/\/www.lexpertabogados.com\/nl\/wp-json\/wp\/v2\/pages\/1328\/revisions\/1908"}],"up":[{"embeddable":true,"href":"https:\/\/www.lexpertabogados.com\/nl\/wp-json\/wp\/v2\/pages\/1254"}],"wp:attachment":[{"href":"https:\/\/www.lexpertabogados.com\/nl\/wp-json\/wp\/v2\/media?parent=1328"}],"curies":[{"name":"wp","href":"https:\/\/api.w.org\/{rel}","templated":true}]}}