{"id":1254,"date":"2025-11-11T09:20:26","date_gmt":"2025-11-11T08:20:26","guid":{"rendered":"https:\/\/patriciavila.crealogica.eu\/lichtvis\/"},"modified":"2026-03-18T12:58:49","modified_gmt":"2026-03-18T11:58:49","slug":"pez-luz","status":"publish","type":"page","link":"https:\/\/www.lexpertabogados.com\/nl\/pez-luz\/","title":{"rendered":"Pez Luz"},"content":{"rendered":"\t\t<div data-elementor-type=\"wp-page\" data-elementor-id=\"1254\" class=\"elementor elementor-1254 elementor-56\" data-elementor-post-type=\"page\">\n\t\t\t\t<div class=\"elementor-element elementor-element-6690adc e-flex e-con-boxed e-con e-parent\" data-id=\"6690adc\" data-element_type=\"container\" data-e-type=\"container\" data-settings=\"{&quot;background_background&quot;:&quot;classic&quot;}\">\n\t\t\t\t\t<div class=\"e-con-inner\">\n\t\t<div class=\"elementor-element elementor-element-039ec00 e-con-full e-flex e-con e-child\" data-id=\"039ec00\" data-element_type=\"container\" data-e-type=\"container\">\n\t\t\t\t<\/div>\n\t\t<div class=\"elementor-element elementor-element-502aaf0 e-con-full animated-slow e-flex elementor-invisible e-con e-child\" data-id=\"502aaf0\" data-element_type=\"container\" data-e-type=\"container\" data-settings=\"{&quot;animation&quot;:&quot;fadeIn&quot;,&quot;animation_delay&quot;:500}\">\n\t\t<div class=\"elementor-element elementor-element-75f38dc e-con-full e-flex e-con e-child\" data-id=\"75f38dc\" data-element_type=\"container\" data-e-type=\"container\">\n\t\t\t\t<div class=\"elementor-element elementor-element-6929a71 neonrosa elementor-widget elementor-widget-heading\" data-id=\"6929a71\" data-element_type=\"widget\" data-e-type=\"widget\" data-widget_type=\"heading.default\">\n\t\t\t\t\t<h1 class=\"elementor-heading-title elementor-size-default\">Pez Luz<\/h1>\t\t\t\t<\/div>\n\t\t\t\t<div class=\"elementor-element elementor-element-b6d23ec elementor-widget__width-initial elementor-widget elementor-widget-heading\" data-id=\"b6d23ec\" data-element_type=\"widget\" data-e-type=\"widget\" data-widget_type=\"heading.default\">\n\t\t\t\t\t<h2 class=\"elementor-heading-title elementor-size-default\">Servicios jur\u00eddicos para el sector digital<\/h2>\t\t\t\t<\/div>\n\t\t\t\t<\/div>\n\t\t<div class=\"elementor-element elementor-element-a4681e1 e-con-full e-flex e-con e-child\" data-id=\"a4681e1\" data-element_type=\"container\" data-e-type=\"container\" data-settings=\"{&quot;background_background&quot;:&quot;classic&quot;}\">\n\t\t\t\t<div class=\"elementor-element elementor-element-0e9292e elementor-widget elementor-widget-heading\" data-id=\"0e9292e\" data-element_type=\"widget\" data-e-type=\"widget\" data-widget_type=\"heading.default\">\n\t\t\t\t\t<h3 class=\"elementor-heading-title elementor-size-default\">Prestamos asesoramiento jur\u00eddico y confecci\u00f3n de documentos legales con la rigurosidad necesaria para garantizar el cumplimiento normativo y generar confianza en el usuario. Dise\u00f1amos y operamos marcos de cumplimiento, conectando lo legal con lo t\u00e9cnico y lo organizativo. Las \u00e1reas de derecho espec\u00edficas de esta secci\u00f3n son, entre otras:<\/h3>\t\t\t\t<\/div>\n\t\t\t\t<div class=\"elementor-element elementor-element-90c7ce6 neonrosa elementor-widget elementor-widget-button\" data-id=\"90c7ce6\" data-element_type=\"widget\" data-e-type=\"widget\" data-widget_type=\"button.default\">\n\t\t\t\t\t\t\t\t\t\t<a class=\"elementor-button elementor-button-link elementor-size-sm\" href=\"https:\/\/www.lexpertabogados.com\/nl\/pez-luz\/profiel\/\">\n\t\t\t\t\t\t<span class=\"elementor-button-content-wrapper\">\n\t\t\t\t\t\t<span class=\"elementor-button-icon\">\n\t\t\t\t<svg xmlns=\"http:\/\/www.w3.org\/2000\/svg\" fill=\"#fcfcfc\" width=\"800px\" height=\"800px\" viewBox=\"0 0 1920 1920\"><g id=\"SVGRepo_bgCarrier\" stroke-width=\"0\"><\/g><g id=\"SVGRepo_tracerCarrier\" stroke-linecap=\"round\" stroke-linejoin=\"round\"><\/g><g id=\"SVGRepo_iconCarrier\"><path d=\"M615.177 345 0 960.292l615.177 615.177 81.25-81.25-476.467-476.466H1920V902.83H219.96l476.467-476.58z\" fill-rule=\"evenodd\"><\/path><\/g><\/svg>\t\t\t<\/span>\n\t\t\t\t\t\t\t\t\t<span class=\"elementor-button-text\">Wie zit er achter Lexpert \/ Pez Luz?<\/span>\n\t\t\t\t\t<\/span>\n\t\t\t\t\t<\/a>\n\t\t\t\t\t\t\t\t<\/div>\n\t\t\t\t<\/div>\n\t\t\t\t<\/div>\n\t\t<div class=\"elementor-element elementor-element-6b0f66a e-con-full e-flex e-con e-child\" data-id=\"6b0f66a\" data-element_type=\"container\" data-e-type=\"container\">\n\t\t<div class=\"elementor-element elementor-element-6179271 e-grid e-con-full e-con e-child\" data-id=\"6179271\" data-element_type=\"container\" data-e-type=\"container\">\n\t\t<a class=\"elementor-element elementor-element-1a8edde e-con-full animated-fast e-flex elementor-invisible e-con e-child\" data-id=\"1a8edde\" data-element_type=\"container\" data-e-type=\"container\" data-settings=\"{&quot;background_background&quot;:&quot;classic&quot;,&quot;animation&quot;:&quot;fadeInUp&quot;,&quot;animation_mobile&quot;:&quot;none&quot;,&quot;animation_delay&quot;:20}\" href=\"https:\/\/www.lexpertabogados.com\/pez-luz\/derecho-digital-tic\/\">\n\t\t\t\t<div class=\"elementor-element elementor-element-c16e935 elementor-widget elementor-widget-heading\" data-id=\"c16e935\" data-element_type=\"widget\" data-e-type=\"widget\" data-widget_type=\"heading.default\">\n\t\t\t\t\t<h2 class=\"elementor-heading-title elementor-size-default\">Derecho digital (TIC)<\/h2>\t\t\t\t<\/div>\n\t\t\t\t<\/a>\n\t\t<a class=\"elementor-element elementor-element-aafa84c e-con-full e-flex elementor-invisible e-con e-child\" data-id=\"aafa84c\" data-element_type=\"container\" data-e-type=\"container\" data-settings=\"{&quot;background_background&quot;:&quot;classic&quot;,&quot;animation&quot;:&quot;fadeInUp&quot;,&quot;animation_mobile&quot;:&quot;none&quot;,&quot;animation_delay&quot;:100}\" href=\"https:\/\/www.lexpertabogados.com\/pez-luz\/privacidad-y-proteccion-de-datos\/\">\n\t\t\t\t<div class=\"elementor-element elementor-element-881d062 elementor-widget elementor-widget-heading\" data-id=\"881d062\" data-element_type=\"widget\" data-e-type=\"widget\" data-widget_type=\"heading.default\">\n\t\t\t\t\t<h2 class=\"elementor-heading-title elementor-size-default\">Privacidad y protecci\u00f3n de datos<\/h2>\t\t\t\t<\/div>\n\t\t\t\t<\/a>\n\t\t<a class=\"elementor-element elementor-element-49ef50f e-con-full animated-slow e-flex elementor-invisible e-con e-child\" data-id=\"49ef50f\" data-element_type=\"container\" data-e-type=\"container\" data-settings=\"{&quot;background_background&quot;:&quot;classic&quot;,&quot;animation&quot;:&quot;fadeInUp&quot;,&quot;animation_mobile&quot;:&quot;none&quot;,&quot;animation_delay&quot;:200}\" href=\"https:\/\/www.lexpertabogados.com\/pez-luz\/inteligencia-artificial-ia\/\">\n\t\t\t\t<div class=\"elementor-element elementor-element-5d94c90 elementor-widget elementor-widget-heading\" data-id=\"5d94c90\" data-element_type=\"widget\" data-e-type=\"widget\" data-widget_type=\"heading.default\">\n\t\t\t\t\t<h2 class=\"elementor-heading-title elementor-size-default\">Inteligencia artificial (IA)<\/h2>\t\t\t\t<\/div>\n\t\t\t\t<\/a>\n\t\t<a class=\"elementor-element elementor-element-4df44e1 e-con-full animated-slow e-flex elementor-invisible e-con e-child\" data-id=\"4df44e1\" data-element_type=\"container\" data-e-type=\"container\" data-settings=\"{&quot;background_background&quot;:&quot;classic&quot;,&quot;animation&quot;:&quot;fadeInUp&quot;,&quot;animation_mobile&quot;:&quot;none&quot;,&quot;animation_delay&quot;:600}\" href=\"https:\/\/www.lexpertabogados.com\/pez-luz\/propiedad-intelectual-pi\/\">\n\t\t\t\t<div class=\"elementor-element elementor-element-8872c2a elementor-widget elementor-widget-heading\" data-id=\"8872c2a\" data-element_type=\"widget\" data-e-type=\"widget\" data-widget_type=\"heading.default\">\n\t\t\t\t\t<h2 class=\"elementor-heading-title elementor-size-default\">Propiedad Intelectual (PI)<\/h2>\t\t\t\t<\/div>\n\t\t\t\t<\/a>\n\t\t<a class=\"elementor-element elementor-element-9dcd5a0 e-con-full e-flex elementor-invisible e-con e-child\" data-id=\"9dcd5a0\" data-element_type=\"container\" data-e-type=\"container\" data-settings=\"{&quot;background_background&quot;:&quot;classic&quot;,&quot;animation&quot;:&quot;fadeInUp&quot;,&quot;animation_mobile&quot;:&quot;none&quot;,&quot;animation_delay&quot;:800}\" href=\"https:\/\/www.lexpertabogados.com\/pez-luz\/derecho-al-honor-intimidad-y-propia-imagen\/\">\n\t\t\t\t<div class=\"elementor-element elementor-element-eb82830 elementor-widget elementor-widget-heading\" data-id=\"eb82830\" data-element_type=\"widget\" data-e-type=\"widget\" data-widget_type=\"heading.default\">\n\t\t\t\t\t<h2 class=\"elementor-heading-title elementor-size-default\">Derecho al Honor, intimidad y propia imagen<\/h2>\t\t\t\t<\/div>\n\t\t\t\t<\/a>\n\t\t<a class=\"elementor-element elementor-element-367e551 e-con-full animated-fast e-flex elementor-invisible e-con e-child\" data-id=\"367e551\" data-element_type=\"container\" data-e-type=\"container\" data-settings=\"{&quot;background_background&quot;:&quot;classic&quot;,&quot;animation&quot;:&quot;fadeInUp&quot;,&quot;animation_mobile&quot;:&quot;none&quot;,&quot;animation_delay&quot;:20}\" href=\"https:\/\/www.lexpertabogados.com\/pez-luz\/compliance\/\">\n\t\t\t\t<div class=\"elementor-element elementor-element-8164edc elementor-widget elementor-widget-heading\" data-id=\"8164edc\" data-element_type=\"widget\" data-e-type=\"widget\" data-widget_type=\"heading.default\">\n\t\t\t\t\t<h2 class=\"elementor-heading-title elementor-size-default\">Compliance<\/h2>\t\t\t\t<\/div>\n\t\t\t\t<\/a>\n\t\t\t\t<\/div>\n\t\t\t\t<\/div>\n\t\t<div class=\"elementor-element elementor-element-ae8b866 e-con-full e-flex e-con e-child\" data-id=\"ae8b866\" data-element_type=\"container\" data-e-type=\"container\">\n\t\t\t\t<div class=\"elementor-element elementor-element-8f37edf elementor-widget elementor-widget-spacer\" data-id=\"8f37edf\" data-element_type=\"widget\" data-e-type=\"widget\" data-widget_type=\"spacer.default\">\n\t\t\t\t\t\t\t<div class=\"elementor-spacer\">\n\t\t\t<div class=\"elementor-spacer-inner\"><\/div>\n\t\t<\/div>\n\t\t\t\t\t\t<\/div>\n\t\t\t\t<\/div>\n\t\t\t\t\t<\/div>\n\t\t\t\t<\/div>\n\t\t\t\t<\/div>\n\t\t","protected":false},"excerpt":{"rendered":"<p>Servicios jur\u00eddicos para el sector digital Prestamos asesoramiento jur\u00eddico y confecci\u00f3n de documentos legales con la rigurosidad necesaria para garantizar el cumplimiento normativo y generar confianza en el usuario. Dise\u00f1amos y operamos marcos de cumplimiento, conectando lo legal con lo t\u00e9cnico y lo organizativo. Las \u00e1reas de derecho espec\u00edficas de esta secci\u00f3n son, entre otras: [&hellip;]<\/p>\n","protected":false},"author":1,"featured_media":0,"parent":0,"menu_order":0,"comment_status":"closed","ping_status":"closed","template":"page-templates\/pagebuilder.php","meta":{"zakra_page_container_layout":"customizer","zakra_page_sidebar_layout":"customizer","zakra_remove_content_margin":false,"zakra_sidebar":"customizer","zakra_transparent_header":"customizer","zakra_logo":0,"zakra_main_header_style":"default","zakra_menu_item_color":"","zakra_menu_item_hover_color":"","zakra_menu_item_active_color":"","zakra_menu_active_style":"","zakra_page_header":true,"inline_featured_image":false,"footnotes":""},"class_list":["post-1254","page","type-page","status-publish","hentry"],"_links":{"self":[{"href":"https:\/\/www.lexpertabogados.com\/nl\/wp-json\/wp\/v2\/pages\/1254","targetHints":{"allow":["GET"]}}],"collection":[{"href":"https:\/\/www.lexpertabogados.com\/nl\/wp-json\/wp\/v2\/pages"}],"about":[{"href":"https:\/\/www.lexpertabogados.com\/nl\/wp-json\/wp\/v2\/types\/page"}],"author":[{"embeddable":true,"href":"https:\/\/www.lexpertabogados.com\/nl\/wp-json\/wp\/v2\/users\/1"}],"replies":[{"embeddable":true,"href":"https:\/\/www.lexpertabogados.com\/nl\/wp-json\/wp\/v2\/comments?post=1254"}],"version-history":[{"count":5,"href":"https:\/\/www.lexpertabogados.com\/nl\/wp-json\/wp\/v2\/pages\/1254\/revisions"}],"predecessor-version":[{"id":2200,"href":"https:\/\/www.lexpertabogados.com\/nl\/wp-json\/wp\/v2\/pages\/1254\/revisions\/2200"}],"wp:attachment":[{"href":"https:\/\/www.lexpertabogados.com\/nl\/wp-json\/wp\/v2\/media?parent=1254"}],"curies":[{"name":"wp","href":"https:\/\/api.w.org\/{rel}","templated":true}]}}