{"id":2236,"date":"2026-03-25T07:13:52","date_gmt":"2026-03-25T06:13:52","guid":{"rendered":"https:\/\/www.lexpertabogados.com\/avis-juridique\/"},"modified":"2026-03-25T07:19:54","modified_gmt":"2026-03-25T06:19:54","slug":"avis-juridique","status":"publish","type":"page","link":"https:\/\/www.lexpertabogados.com\/fr\/avis-juridique\/","title":{"rendered":"Avis juridique"},"content":{"rendered":"\n<p><strong>Versi\u00f3n: <\/strong>1.0<br\/><strong>Fecha de \u00faltima actualizaci\u00f3n: <\/strong>23 de marzo de 2026<br\/><strong>\u00c1mbito: <\/strong>Sitio web corporativo\/informativo www.lexpertabogados.com<\/p>\n\n<p><strong>1. Identificaci\u00f3n del prestador del servicio (art. 10 LSSICE)<\/strong><\/p>\n\n<p>En cumplimiento de lo dispuesto en el art\u00edculo 10 de la Ley 34\/2002, de 11 de julio, de servicios de la sociedad de la informaci\u00f3n y de comercio electr\u00f3nico (LSSICE), se informa que el Sitio Web es titularidad de Patricia Vila Salord, con NIF\/DNI 417 37 877F (en lo sucesivo, la Titular)<\/p>\n\n<p>El acceso y\/o uso del Sitio Web atribuye la condici\u00f3n de usuario y supone la aceptaci\u00f3n del presente Aviso Legal en la versi\u00f3n publicada en cada momento.<\/p>\n\n<p><strong>2. Objeto del Sitio Web<\/strong><\/p>\n\n<p>El Sitio Web tiene car\u00e1cter informativo sobre los servicios jur\u00eddicos ofrecidos por la Titular.<\/p>\n\n<p><strong>3. Comunicaciones<\/strong><\/p>\n\n<p>Para comunicaciones relativas al Sitio Web, puede contactar con la titular a trav\u00e9s del tel\u00e9fono, la direcci\u00f3n de correo electr\u00f3nico o el formulario de contacto disponible en el Sitio Web. El tratamiento de datos personales se regir\u00e1 por la <strong>Pol\u00edtica de Privacidad<\/strong>.<\/p>\n\n<p><strong>4. Propiedad Intelectual<\/strong><\/p>\n\n<p>Los derechos de propiedad intelectual e industrial del Sitio Web, su dise\u00f1o, textos, marcas, logotipos, contenidos y dem\u00e1s elementos pertenecen a su Titular o a terceros licenciantes. Queda prohibida su reproducci\u00f3n, distribuci\u00f3n, comunicaci\u00f3n p\u00fablica o transformaci\u00f3n, total o parcial, sin autorizaci\u00f3n, salvo los usos permitidos legalmente.<\/p>\n\n<p><strong>5. Enlaces a textos legales y pol\u00edticas<\/strong><\/p>\n\n<p>\u2022 Pol\u00edtica de Privacidad: https:\/\/www.lexpertabogados.com\/politica-de-privacidad\/<\/p>\n\n<p>\u2022 Pol\u00edtica de Cookies: https:\/\/www.lexpertabogados.com\/politica-de-cookies\/<\/p>\n","protected":false},"excerpt":{"rendered":"<p>Versi\u00f3n: 1.0Fecha de \u00faltima actualizaci\u00f3n: 23 de marzo de 2026\u00c1mbito: Sitio web corporativo\/informativo www.lexpertabogados.com 1. Identificaci\u00f3n del prestador del servicio (art. 10 LSSICE) En cumplimiento de lo dispuesto en el art\u00edculo 10 de la Ley 34\/2002, de 11 de julio, de servicios de la sociedad de la informaci\u00f3n y de comercio electr\u00f3nico (LSSICE), se informa [&hellip;]<\/p>\n","protected":false},"author":2,"featured_media":0,"parent":0,"menu_order":0,"comment_status":"closed","ping_status":"closed","template":"","meta":{"zakra_page_container_layout":"customizer","zakra_page_sidebar_layout":"customizer","zakra_remove_content_margin":false,"zakra_sidebar":"customizer","zakra_transparent_header":"customizer","zakra_logo":0,"zakra_main_header_style":"default","zakra_menu_item_color":"","zakra_menu_item_hover_color":"","zakra_menu_item_active_color":"","zakra_menu_active_style":"","zakra_page_header":true,"inline_featured_image":false,"footnotes":""},"class_list":["post-2236","page","type-page","status-publish","hentry"],"_links":{"self":[{"href":"https:\/\/www.lexpertabogados.com\/fr\/wp-json\/wp\/v2\/pages\/2236","targetHints":{"allow":["GET"]}}],"collection":[{"href":"https:\/\/www.lexpertabogados.com\/fr\/wp-json\/wp\/v2\/pages"}],"about":[{"href":"https:\/\/www.lexpertabogados.com\/fr\/wp-json\/wp\/v2\/types\/page"}],"author":[{"embeddable":true,"href":"https:\/\/www.lexpertabogados.com\/fr\/wp-json\/wp\/v2\/users\/2"}],"replies":[{"embeddable":true,"href":"https:\/\/www.lexpertabogados.com\/fr\/wp-json\/wp\/v2\/comments?post=2236"}],"version-history":[{"count":1,"href":"https:\/\/www.lexpertabogados.com\/fr\/wp-json\/wp\/v2\/pages\/2236\/revisions"}],"predecessor-version":[{"id":2237,"href":"https:\/\/www.lexpertabogados.com\/fr\/wp-json\/wp\/v2\/pages\/2236\/revisions\/2237"}],"wp:attachment":[{"href":"https:\/\/www.lexpertabogados.com\/fr\/wp-json\/wp\/v2\/media?parent=2236"}],"curies":[{"name":"wp","href":"https:\/\/api.w.org\/{rel}","templated":true}]}}