{"id":1354,"date":"2025-11-11T09:20:56","date_gmt":"2025-11-11T08:20:56","guid":{"rendered":"https:\/\/patriciavila.crealogica.eu\/lightfish\/digital-law-ict\/"},"modified":"2026-01-29T16:09:59","modified_gmt":"2026-01-29T15:09:59","slug":"digital-law-ict","status":"publish","type":"page","link":"https:\/\/www.lexpertabogados.com\/en\/pez-luz\/digital-law-ict\/","title":{"rendered":"Digital law (ICT)"},"content":{"rendered":"\t\t<div data-elementor-type=\"wp-page\" data-elementor-id=\"1354\" class=\"elementor elementor-1354 elementor-58\" data-elementor-post-type=\"page\">\n\t\t\t\t<div class=\"elementor-element elementor-element-31b6425e e-flex e-con-boxed e-con e-parent\" data-id=\"31b6425e\" data-element_type=\"container\" data-e-type=\"container\" data-settings=\"{&quot;background_background&quot;:&quot;classic&quot;}\">\n\t\t\t\t\t<div class=\"e-con-inner\">\n\t\t<div class=\"elementor-element elementor-element-200eb070 e-con-full e-flex e-con e-child\" data-id=\"200eb070\" data-element_type=\"container\" data-e-type=\"container\">\n\t\t\t\t<\/div>\n\t\t<div class=\"elementor-element elementor-element-1226b1ee e-con-full e-flex e-con e-child\" data-id=\"1226b1ee\" data-element_type=\"container\" data-e-type=\"container\">\n\t\t<div class=\"elementor-element elementor-element-1e20cf82 e-con-full e-flex e-con e-child\" data-id=\"1e20cf82\" data-element_type=\"container\" data-e-type=\"container\">\n\t\t\t\t<div class=\"elementor-element elementor-element-51719e70 neonrosa elementor-widget elementor-widget-heading\" data-id=\"51719e70\" data-element_type=\"widget\" data-e-type=\"widget\" data-widget_type=\"heading.default\">\n\t\t\t\t\t<h1 class=\"elementor-heading-title elementor-size-default\">Digital law (ICT)<\/h1>\t\t\t\t<\/div>\n\t\t\t\t<div class=\"elementor-element elementor-element-6cf4b7ef elementor-widget elementor-widget-heading\" data-id=\"6cf4b7ef\" data-element_type=\"widget\" data-e-type=\"widget\" data-widget_type=\"heading.default\">\n\t\t\t\t\t<h2 class=\"elementor-heading-title elementor-size-default\">Digital specialties<\/h2>\t\t\t\t<\/div>\n\t\t\t\t<\/div>\n\t\t<div class=\"elementor-element elementor-element-1b1ebe4 e-con-full e-flex e-con e-child\" data-id=\"1b1ebe4\" data-element_type=\"container\" data-e-type=\"container\">\n\t\t<div class=\"elementor-element elementor-element-74b50216 e-con-full e-flex e-con e-child\" data-id=\"74b50216\" data-element_type=\"container\" data-e-type=\"container\" data-settings=\"{&quot;background_background&quot;:&quot;classic&quot;}\">\n\t\t\t\t<div class=\"elementor-element elementor-element-403904a1 elementor-widget elementor-widget-heading\" data-id=\"403904a1\" data-element_type=\"widget\" data-e-type=\"widget\" data-widget_type=\"heading.default\">\n\t\t\t\t\t<h3 class=\"elementor-heading-title elementor-size-default\">Condiciones legales para plataformas, comercio electr\u00f3nico y servicios en la nube; contratos tecnol\u00f3gicos (desarrollo, Acuerdos de Nivel de Servicio (SLA), soporte, dep\u00f3sito en garant\u00eda (escrow), continuidad); publicidad y consumo digital (transparencia, influencers, menores, patrones oscuros); ciberseguridad legal (pol\u00edticas, respuesta a incidentes y coordinaci\u00f3n con Tecnolog\u00edas de la Informaci\u00f3n (IT) y proveedores cr\u00edticos); cumplimiento de la Ley de Servicios de la Sociedad de la Informaci\u00f3n y Comercio Electr\u00f3nico y dem\u00e1s normativa aplicable.<\/h3>\t\t\t\t<\/div>\n\t\t\t\t<\/div>\n\t\t<div class=\"elementor-element elementor-element-7a03e87 e-con-full e-flex e-con e-child\" data-id=\"7a03e87\" data-element_type=\"container\" data-e-type=\"container\">\n\t\t\t\t<div class=\"elementor-element elementor-element-8f1c125 elementor-widget elementor-widget-button\" data-id=\"8f1c125\" data-element_type=\"widget\" data-e-type=\"widget\" data-widget_type=\"button.default\">\n\t\t\t\t\t\t\t\t\t\t<a class=\"elementor-button elementor-button-link elementor-size-sm elementor-animation-shrink\" href=\"https:\/\/www.lexpertabogados.com\/en\/pez-luz\/\">\n\t\t\t\t\t\t<span class=\"elementor-button-content-wrapper\">\n\t\t\t\t\t\t<span class=\"elementor-button-icon\">\n\t\t\t\t<svg xmlns=\"http:\/\/www.w3.org\/2000\/svg\" fill=\"#fcfcfc\" width=\"800px\" height=\"800px\" viewBox=\"0 0 1920 1920\"><g id=\"SVGRepo_bgCarrier\" stroke-width=\"0\"><\/g><g id=\"SVGRepo_tracerCarrier\" stroke-linecap=\"round\" stroke-linejoin=\"round\"><\/g><g id=\"SVGRepo_iconCarrier\"><path d=\"M615.177 345 0 960.292l615.177 615.177 81.25-81.25-476.467-476.466H1920V902.83H219.96l476.467-476.58z\" fill-rule=\"evenodd\"><\/path><\/g><\/svg>\t\t\t<\/span>\n\t\t\t\t\t\t\t\t\t<span class=\"elementor-button-text\">Pez Luz<\/span>\n\t\t\t\t\t<\/span>\n\t\t\t\t\t<\/a>\n\t\t\t\t\t\t\t\t<\/div>\n\t\t\t\t<\/div>\n\t\t\t\t<\/div>\n\t\t\t\t<\/div>\n\t\t\t\t\t<\/div>\n\t\t\t\t<\/div>\n\t\t\t\t<\/div>\n\t\t","protected":false},"excerpt":{"rendered":"<p>Digital specialties Condiciones legales para plataformas, comercio electr\u00f3nico y servicios en la nube; contratos tecnol\u00f3gicos (desarrollo, Acuerdos de Nivel de Servicio (SLA), soporte, dep\u00f3sito en garant\u00eda (escrow), continuidad); publicidad y consumo digital (transparencia, influencers, menores, patrones oscuros); ciberseguridad legal (pol\u00edticas, respuesta a incidentes y coordinaci\u00f3n con Tecnolog\u00edas de la Informaci\u00f3n (IT) y proveedores cr\u00edticos); cumplimiento [&hellip;]<\/p>\n","protected":false},"author":1,"featured_media":0,"parent":1257,"menu_order":0,"comment_status":"closed","ping_status":"closed","template":"page-templates\/pagebuilder.php","meta":{"zakra_page_container_layout":"customizer","zakra_page_sidebar_layout":"customizer","zakra_remove_content_margin":false,"zakra_sidebar":"customizer","zakra_transparent_header":"customizer","zakra_logo":0,"zakra_main_header_style":"default","zakra_menu_item_color":"","zakra_menu_item_hover_color":"","zakra_menu_item_active_color":"","zakra_menu_active_style":"","zakra_page_header":true,"inline_featured_image":false,"footnotes":""},"class_list":["post-1354","page","type-page","status-publish","hentry"],"_links":{"self":[{"href":"https:\/\/www.lexpertabogados.com\/en\/wp-json\/wp\/v2\/pages\/1354","targetHints":{"allow":["GET"]}}],"collection":[{"href":"https:\/\/www.lexpertabogados.com\/en\/wp-json\/wp\/v2\/pages"}],"about":[{"href":"https:\/\/www.lexpertabogados.com\/en\/wp-json\/wp\/v2\/types\/page"}],"author":[{"embeddable":true,"href":"https:\/\/www.lexpertabogados.com\/en\/wp-json\/wp\/v2\/users\/1"}],"replies":[{"embeddable":true,"href":"https:\/\/www.lexpertabogados.com\/en\/wp-json\/wp\/v2\/comments?post=1354"}],"version-history":[{"count":5,"href":"https:\/\/www.lexpertabogados.com\/en\/wp-json\/wp\/v2\/pages\/1354\/revisions"}],"predecessor-version":[{"id":1914,"href":"https:\/\/www.lexpertabogados.com\/en\/wp-json\/wp\/v2\/pages\/1354\/revisions\/1914"}],"up":[{"embeddable":true,"href":"https:\/\/www.lexpertabogados.com\/en\/wp-json\/wp\/v2\/pages\/1257"}],"wp:attachment":[{"href":"https:\/\/www.lexpertabogados.com\/en\/wp-json\/wp\/v2\/media?parent=1354"}],"curies":[{"name":"wp","href":"https:\/\/api.w.org\/{rel}","templated":true}]}}