{"id":1399,"date":"2025-11-11T09:25:19","date_gmt":"2025-11-11T08:25:19","guid":{"rendered":"https:\/\/patriciavila.crealogica.eu\/peix-llum\/propietat-intellectual-pi\/"},"modified":"2026-02-04T10:56:33","modified_gmt":"2026-02-04T09:56:33","slug":"propietat-intellectual-pi","status":"publish","type":"page","link":"https:\/\/www.lexpertabogados.com\/ca\/pez-luz\/propietat-intellectual-pi\/","title":{"rendered":"Propietat Intel\u00b7lectual (PI)"},"content":{"rendered":"\t\t<div data-elementor-type=\"wp-page\" data-elementor-id=\"1399\" class=\"elementor elementor-1399 elementor-67\" data-elementor-post-type=\"page\">\n\t\t\t\t<div class=\"elementor-element elementor-element-5d5d4011 e-flex e-con-boxed e-con e-parent\" data-id=\"5d5d4011\" data-element_type=\"container\" data-e-type=\"container\" data-settings=\"{&quot;background_background&quot;:&quot;classic&quot;}\">\n\t\t\t\t\t<div class=\"e-con-inner\">\n\t\t<div class=\"elementor-element elementor-element-3e370442 e-con-full e-flex e-con e-child\" data-id=\"3e370442\" data-element_type=\"container\" data-e-type=\"container\">\n\t\t\t\t<\/div>\n\t\t<div class=\"elementor-element elementor-element-d9f99c6 e-con-full e-flex e-con e-child\" data-id=\"d9f99c6\" data-element_type=\"container\" data-e-type=\"container\">\n\t\t<div class=\"elementor-element elementor-element-0eae4d7 e-con-full e-flex e-con e-child\" data-id=\"0eae4d7\" data-element_type=\"container\" data-e-type=\"container\">\n\t\t\t\t<div class=\"elementor-element elementor-element-1e4c279 neonrosa elementor-widget elementor-widget-heading\" data-id=\"1e4c279\" data-element_type=\"widget\" data-e-type=\"widget\" data-widget_type=\"heading.default\">\n\t\t\t\t\t<h1 class=\"elementor-heading-title elementor-size-default\">Propietat Intel\u00b7lectual (PI)<\/h1>\t\t\t\t<\/div>\n\t\t\t\t<div class=\"elementor-element elementor-element-6948def elementor-widget elementor-widget-heading\" data-id=\"6948def\" data-element_type=\"widget\" data-e-type=\"widget\" data-widget_type=\"heading.default\">\n\t\t\t\t\t<h2 class=\"elementor-heading-title elementor-size-default\">Especialitats digitals<\/h2>\t\t\t\t<\/div>\n\t\t\t\t<\/div>\n\t\t<div class=\"elementor-element elementor-element-694c863 e-con-full e-flex e-con e-child\" data-id=\"694c863\" data-element_type=\"container\" data-e-type=\"container\">\n\t\t<div class=\"elementor-element elementor-element-a806c55 e-con-full e-flex e-con e-child\" data-id=\"a806c55\" data-element_type=\"container\" data-e-type=\"container\" data-settings=\"{&quot;background_background&quot;:&quot;classic&quot;}\">\n\t\t\t\t<div class=\"elementor-element elementor-element-3998669 elementor-widget elementor-widget-heading\" data-id=\"3998669\" data-element_type=\"widget\" data-e-type=\"widget\" data-widget_type=\"heading.default\">\n\t\t\t\t\t<h3 class=\"elementor-heading-title elementor-size-default\">En l'\u00e0mbit digital, la protecci\u00f3 dels drets morals i d'explotaci\u00f3 d'autors, editors, int\u00e8rprets, productors, editors i programadors es projecta sobre plataformes i UGC, llic\u00e8ncies en l\u00ednia, IA (entrenament i outputs), open source, streaming i sincronitzaci\u00f3, gesti\u00f3 de continguts (notice &amp; action\/takedown), i el multiterritorials.<br \/><br \/>Oferim cadena de drets i llic\u00e8ncies segures, pol\u00edtiques i contractes clars, i defensa preventiva per explotar actius intangibles sense conflictes.<\/h3>\t\t\t\t<\/div>\n\t\t\t\t<\/div>\n\t\t<div class=\"elementor-element elementor-element-3cf36a4 e-con-full e-flex e-con e-child\" data-id=\"3cf36a4\" data-element_type=\"container\" data-e-type=\"container\">\n\t\t\t\t<div class=\"elementor-element elementor-element-0b36ad0 elementor-widget elementor-widget-button\" data-id=\"0b36ad0\" data-element_type=\"widget\" data-e-type=\"widget\" data-widget_type=\"button.default\">\n\t\t\t\t\t\t\t\t\t\t<a class=\"elementor-button elementor-button-link elementor-size-sm elementor-animation-shrink\" href=\"https:\/\/www.lexpertabogados.com\/ca\/pez-luz\/\">\n\t\t\t\t\t\t<span class=\"elementor-button-content-wrapper\">\n\t\t\t\t\t\t<span class=\"elementor-button-icon\">\n\t\t\t\t<svg xmlns=\"http:\/\/www.w3.org\/2000\/svg\" fill=\"#fcfcfc\" width=\"800px\" height=\"800px\" viewBox=\"0 0 1920 1920\"><g id=\"SVGRepo_bgCarrier\" stroke-width=\"0\"><\/g><g id=\"SVGRepo_tracerCarrier\" stroke-linecap=\"round\" stroke-linejoin=\"round\"><\/g><g id=\"SVGRepo_iconCarrier\"><path d=\"M615.177 345 0 960.292l615.177 615.177 81.25-81.25-476.467-476.466H1920V902.83H219.96l476.467-476.58z\" fill-rule=\"evenodd\"><\/path><\/g><\/svg>\t\t\t<\/span>\n\t\t\t\t\t\t\t\t\t<span class=\"elementor-button-text\">Peix Llum<\/span>\n\t\t\t\t\t<\/span>\n\t\t\t\t\t<\/a>\n\t\t\t\t\t\t\t\t<\/div>\n\t\t\t\t<\/div>\n\t\t\t\t<\/div>\n\t\t\t\t<\/div>\n\t\t\t\t\t<\/div>\n\t\t\t\t<\/div>\n\t\t\t\t<\/div>\n\t\t","protected":false},"excerpt":{"rendered":"<p>Especialitats digitals En l&#8217;\u00e0mbit digital, la protecci\u00f3 dels drets morals i d&#8217;explotaci\u00f3 d&#8217;autors, editors, int\u00e8rprets, productors, editors i programadors es projecta sobre plataformes i UGC, llic\u00e8ncies en l\u00ednia, IA (entrenament i outputs), open source, streaming i sincronitzaci\u00f3, gesti\u00f3 de continguts (notice &amp; action\/takedown), i el multiterritorials. Oferim cadena de drets i llic\u00e8ncies segures, pol\u00edtiques i [&hellip;]<\/p>\n","protected":false},"author":1,"featured_media":0,"parent":1251,"menu_order":0,"comment_status":"closed","ping_status":"closed","template":"page-templates\/pagebuilder.php","meta":{"zakra_page_container_layout":"customizer","zakra_page_sidebar_layout":"customizer","zakra_remove_content_margin":false,"zakra_sidebar":"customizer","zakra_transparent_header":"customizer","zakra_logo":0,"zakra_main_header_style":"default","zakra_menu_item_color":"","zakra_menu_item_hover_color":"","zakra_menu_item_active_color":"","zakra_menu_active_style":"","zakra_page_header":true,"inline_featured_image":false,"footnotes":""},"class_list":["post-1399","page","type-page","status-publish","hentry"],"_links":{"self":[{"href":"https:\/\/www.lexpertabogados.com\/ca\/wp-json\/wp\/v2\/pages\/1399","targetHints":{"allow":["GET"]}}],"collection":[{"href":"https:\/\/www.lexpertabogados.com\/ca\/wp-json\/wp\/v2\/pages"}],"about":[{"href":"https:\/\/www.lexpertabogados.com\/ca\/wp-json\/wp\/v2\/types\/page"}],"author":[{"embeddable":true,"href":"https:\/\/www.lexpertabogados.com\/ca\/wp-json\/wp\/v2\/users\/1"}],"replies":[{"embeddable":true,"href":"https:\/\/www.lexpertabogados.com\/ca\/wp-json\/wp\/v2\/comments?post=1399"}],"version-history":[{"count":5,"href":"https:\/\/www.lexpertabogados.com\/ca\/wp-json\/wp\/v2\/pages\/1399\/revisions"}],"predecessor-version":[{"id":2003,"href":"https:\/\/www.lexpertabogados.com\/ca\/wp-json\/wp\/v2\/pages\/1399\/revisions\/2003"}],"up":[{"embeddable":true,"href":"https:\/\/www.lexpertabogados.com\/ca\/wp-json\/wp\/v2\/pages\/1251"}],"wp:attachment":[{"href":"https:\/\/www.lexpertabogados.com\/ca\/wp-json\/wp\/v2\/media?parent=1399"}],"curies":[{"name":"wp","href":"https:\/\/api.w.org\/{rel}","templated":true}]}}