{"id":1369,"date":"2025-11-11T09:21:51","date_gmt":"2025-11-11T08:21:51","guid":{"rendered":"https:\/\/patriciavila.crealogica.eu\/peix-llum\/intelligencia-artificial-ia\/"},"modified":"2026-02-04T10:38:26","modified_gmt":"2026-02-04T09:38:26","slug":"intelligencia-artificial-ia","status":"publish","type":"page","link":"https:\/\/www.lexpertabogados.com\/ca\/pez-luz\/intelligencia-artificial-ia\/","title":{"rendered":"Intel\u00b7lig\u00e8ncia artificial (IA)"},"content":{"rendered":"\t\t<div data-elementor-type=\"wp-page\" data-elementor-id=\"1369\" class=\"elementor elementor-1369 elementor-62\" data-elementor-post-type=\"page\">\n\t\t\t\t<div class=\"elementor-element elementor-element-3f861032 e-flex e-con-boxed e-con e-parent\" data-id=\"3f861032\" data-element_type=\"container\" data-e-type=\"container\" data-settings=\"{&quot;background_background&quot;:&quot;classic&quot;}\">\n\t\t\t\t\t<div class=\"e-con-inner\">\n\t\t<div class=\"elementor-element elementor-element-52038b36 e-con-full e-flex e-con e-child\" data-id=\"52038b36\" data-element_type=\"container\" data-e-type=\"container\">\n\t\t\t\t<\/div>\n\t\t<div class=\"elementor-element elementor-element-410cf0c e-con-full e-flex e-con e-child\" data-id=\"410cf0c\" data-element_type=\"container\" data-e-type=\"container\">\n\t\t<div class=\"elementor-element elementor-element-2cf9b68 e-con-full e-flex e-con e-child\" data-id=\"2cf9b68\" data-element_type=\"container\" data-e-type=\"container\">\n\t\t\t\t<div class=\"elementor-element elementor-element-4f31aa4 elementor-widget__width-initial neonrosa elementor-widget elementor-widget-heading\" data-id=\"4f31aa4\" data-element_type=\"widget\" data-e-type=\"widget\" data-widget_type=\"heading.default\">\n\t\t\t\t\t<h1 class=\"elementor-heading-title elementor-size-default\">Intel\u00b7lig\u00e8ncia artificial (IA)<\/h1>\t\t\t\t<\/div>\n\t\t\t\t<div class=\"elementor-element elementor-element-f1a8f72 elementor-widget elementor-widget-heading\" data-id=\"f1a8f72\" data-element_type=\"widget\" data-e-type=\"widget\" data-widget_type=\"heading.default\">\n\t\t\t\t\t<h2 class=\"elementor-heading-title elementor-size-default\">Especialitats digitals<\/h2>\t\t\t\t<\/div>\n\t\t\t\t<\/div>\n\t\t<div class=\"elementor-element elementor-element-84d0187 e-con-full e-flex e-con e-child\" data-id=\"84d0187\" data-element_type=\"container\" data-e-type=\"container\">\n\t\t<div class=\"elementor-element elementor-element-8975e5f e-con-full e-flex e-con e-child\" data-id=\"8975e5f\" data-element_type=\"container\" data-e-type=\"container\" data-settings=\"{&quot;background_background&quot;:&quot;classic&quot;}\">\n\t\t\t\t<div class=\"elementor-element elementor-element-3ae0b78 elementor-widget elementor-widget-heading\" data-id=\"3ae0b78\" data-element_type=\"widget\" data-e-type=\"widget\" data-widget_type=\"heading.default\">\n\t\t\t\t\t<h3 class=\"elementor-heading-title elementor-size-default\">Inventari i classificaci\u00f3 de sistemes, avaluaci\u00f3 de riscos i principis (legalitat, equitat, transpar\u00e8ncia i explicabilitat), avaluacions dimpacte en IA, documentaci\u00f3 i tra\u00e7abilitat, cl\u00e0usules d\u00fas responsable i acords amb prove\u00efdors, models i conjunts de dades, monitoritzaci\u00f3 i millora cont\u00ednua de lexercici i de biaixos.<\/h3>\t\t\t\t<\/div>\n\t\t\t\t<\/div>\n\t\t<div class=\"elementor-element elementor-element-c08eb01 e-con-full e-flex e-con e-child\" data-id=\"c08eb01\" data-element_type=\"container\" data-e-type=\"container\">\n\t\t\t\t<div class=\"elementor-element elementor-element-0b21c71 elementor-widget elementor-widget-button\" data-id=\"0b21c71\" data-element_type=\"widget\" data-e-type=\"widget\" data-widget_type=\"button.default\">\n\t\t\t\t\t\t\t\t\t\t<a class=\"elementor-button elementor-button-link elementor-size-sm elementor-animation-shrink\" href=\"https:\/\/www.lexpertabogados.com\/ca\/pez-luz\/\">\n\t\t\t\t\t\t<span class=\"elementor-button-content-wrapper\">\n\t\t\t\t\t\t<span class=\"elementor-button-icon\">\n\t\t\t\t<svg xmlns=\"http:\/\/www.w3.org\/2000\/svg\" fill=\"#fcfcfc\" width=\"800px\" height=\"800px\" viewBox=\"0 0 1920 1920\"><g id=\"SVGRepo_bgCarrier\" stroke-width=\"0\"><\/g><g id=\"SVGRepo_tracerCarrier\" stroke-linecap=\"round\" stroke-linejoin=\"round\"><\/g><g id=\"SVGRepo_iconCarrier\"><path d=\"M615.177 345 0 960.292l615.177 615.177 81.25-81.25-476.467-476.466H1920V902.83H219.96l476.467-476.58z\" fill-rule=\"evenodd\"><\/path><\/g><\/svg>\t\t\t<\/span>\n\t\t\t\t\t\t\t\t\t<span class=\"elementor-button-text\">Pez Luz<\/span>\n\t\t\t\t\t<\/span>\n\t\t\t\t\t<\/a>\n\t\t\t\t\t\t\t\t<\/div>\n\t\t\t\t<\/div>\n\t\t\t\t<\/div>\n\t\t\t\t<\/div>\n\t\t\t\t\t<\/div>\n\t\t\t\t<\/div>\n\t\t\t\t<\/div>\n\t\t","protected":false},"excerpt":{"rendered":"<p>Especialitats digitals Inventari i classificaci\u00f3 de sistemes, avaluaci\u00f3 de riscos i principis (legalitat, equitat, transpar\u00e8ncia i explicabilitat), avaluacions dimpacte en IA, documentaci\u00f3 i tra\u00e7abilitat, cl\u00e0usules d\u00fas responsable i acords amb prove\u00efdors, models i conjunts de dades, monitoritzaci\u00f3 i millora cont\u00ednua de lexercici i de biaixos. Pez Luz<\/p>\n","protected":false},"author":1,"featured_media":0,"parent":1251,"menu_order":0,"comment_status":"closed","ping_status":"closed","template":"page-templates\/pagebuilder.php","meta":{"zakra_page_container_layout":"customizer","zakra_page_sidebar_layout":"customizer","zakra_remove_content_margin":false,"zakra_sidebar":"customizer","zakra_transparent_header":"customizer","zakra_logo":0,"zakra_main_header_style":"default","zakra_menu_item_color":"","zakra_menu_item_hover_color":"","zakra_menu_item_active_color":"","zakra_menu_active_style":"","zakra_page_header":true,"inline_featured_image":false,"footnotes":""},"class_list":["post-1369","page","type-page","status-publish","hentry"],"_links":{"self":[{"href":"https:\/\/www.lexpertabogados.com\/ca\/wp-json\/wp\/v2\/pages\/1369","targetHints":{"allow":["GET"]}}],"collection":[{"href":"https:\/\/www.lexpertabogados.com\/ca\/wp-json\/wp\/v2\/pages"}],"about":[{"href":"https:\/\/www.lexpertabogados.com\/ca\/wp-json\/wp\/v2\/types\/page"}],"author":[{"embeddable":true,"href":"https:\/\/www.lexpertabogados.com\/ca\/wp-json\/wp\/v2\/users\/1"}],"replies":[{"embeddable":true,"href":"https:\/\/www.lexpertabogados.com\/ca\/wp-json\/wp\/v2\/comments?post=1369"}],"version-history":[{"count":8,"href":"https:\/\/www.lexpertabogados.com\/ca\/wp-json\/wp\/v2\/pages\/1369\/revisions"}],"predecessor-version":[{"id":1998,"href":"https:\/\/www.lexpertabogados.com\/ca\/wp-json\/wp\/v2\/pages\/1369\/revisions\/1998"}],"up":[{"embeddable":true,"href":"https:\/\/www.lexpertabogados.com\/ca\/wp-json\/wp\/v2\/pages\/1251"}],"wp:attachment":[{"href":"https:\/\/www.lexpertabogados.com\/ca\/wp-json\/wp\/v2\/media?parent=1369"}],"curies":[{"name":"wp","href":"https:\/\/api.w.org\/{rel}","templated":true}]}}