{"id":1286,"date":"2025-11-11T12:22:21","date_gmt":"2025-11-11T11:22:21","guid":{"rendered":"https:\/\/patriciavila.crealogica.eu\/peix-llum\/compliance\/"},"modified":"2026-02-03T15:56:39","modified_gmt":"2026-02-03T14:56:39","slug":"compliance","status":"publish","type":"page","link":"https:\/\/www.lexpertabogados.com\/ca\/pez-luz\/compliance\/","title":{"rendered":"Compliance"},"content":{"rendered":"\t\t<div data-elementor-type=\"wp-page\" data-elementor-id=\"1286\" class=\"elementor elementor-1286 elementor-255\" data-elementor-post-type=\"page\">\n\t\t\t\t<div class=\"elementor-element elementor-element-3b667849 e-flex e-con-boxed e-con e-parent\" data-id=\"3b667849\" data-element_type=\"container\" data-e-type=\"container\" data-settings=\"{&quot;background_background&quot;:&quot;classic&quot;}\">\n\t\t\t\t\t<div class=\"e-con-inner\">\n\t\t<div class=\"elementor-element elementor-element-3c0b7bba e-con-full e-flex e-con e-child\" data-id=\"3c0b7bba\" data-element_type=\"container\" data-e-type=\"container\">\n\t\t\t\t<\/div>\n\t\t<div class=\"elementor-element elementor-element-50b2b69 e-con-full e-flex e-con e-child\" data-id=\"50b2b69\" data-element_type=\"container\" data-e-type=\"container\">\n\t\t<div class=\"elementor-element elementor-element-4a34abe e-con-full e-flex e-con e-child\" data-id=\"4a34abe\" data-element_type=\"container\" data-e-type=\"container\">\n\t\t\t\t<div class=\"elementor-element elementor-element-81b5db3 neonrosa elementor-widget elementor-widget-heading\" data-id=\"81b5db3\" data-element_type=\"widget\" data-e-type=\"widget\" data-widget_type=\"heading.default\">\n\t\t\t\t\t<h1 class=\"elementor-heading-title elementor-size-default\">Compliance<\/h1>\t\t\t\t<\/div>\n\t\t\t\t<div class=\"elementor-element elementor-element-b7fef8f elementor-widget elementor-widget-heading\" data-id=\"b7fef8f\" data-element_type=\"widget\" data-e-type=\"widget\" data-widget_type=\"heading.default\">\n\t\t\t\t\t<h2 class=\"elementor-heading-title elementor-size-default\">Especialitats digitals<\/h2>\t\t\t\t<\/div>\n\t\t\t\t<\/div>\n\t\t<div class=\"elementor-element elementor-element-694230b e-con-full e-flex e-con e-child\" data-id=\"694230b\" data-element_type=\"container\" data-e-type=\"container\">\n\t\t<div class=\"elementor-element elementor-element-d40bc41 e-con-full e-flex e-con e-child\" data-id=\"d40bc41\" data-element_type=\"container\" data-e-type=\"container\" data-settings=\"{&quot;background_background&quot;:&quot;classic&quot;}\">\n\t\t\t\t<div class=\"elementor-element elementor-element-ff75fff elementor-widget elementor-widget-heading\" data-id=\"ff75fff\" data-element_type=\"widget\" data-e-type=\"widget\" data-widget_type=\"heading.default\">\n\t\t\t\t\t<div class=\"elementor-heading-title elementor-size-default\">Complir b\u00e9 per competir millor. Treballem colze a colze amb el client desenvolupant i executant Mapes de risc (risk maps): eina jur\u00eddica que identifica i valora riscos legals segons probabilitat i impacte, controls associats, responsables, terminis i evid\u00e8ncies de compliment; inclou indicadors clau de risc (KRI) i seguiment. Aplicats a RGPD, LOPDGDD, IA, Propietat Intel\u00b7lectual i Llei de Serveis de la Societat de la Informaci\u00f3 i de Comer\u00e7 Electr\u00f2nic (LSSI). Pol\u00edtiques, canals de comunicaci\u00f3, formaci\u00f3 i indicadors clau de rendiment (KPI) i de compliment; due diligence de tercers i cl\u00e0usules de compliment a la cadena de valor.<\/div>\t\t\t\t<\/div>\n\t\t\t\t<\/div>\n\t\t<div class=\"elementor-element elementor-element-f001204 e-con-full e-flex e-con e-child\" data-id=\"f001204\" data-element_type=\"container\" data-e-type=\"container\">\n\t\t\t\t<div class=\"elementor-element elementor-element-10ba9fc elementor-widget elementor-widget-button\" data-id=\"10ba9fc\" data-element_type=\"widget\" data-e-type=\"widget\" data-widget_type=\"button.default\">\n\t\t\t\t\t\t\t\t\t\t<a class=\"elementor-button elementor-button-link elementor-size-sm elementor-animation-shrink\" href=\"https:\/\/www.lexpertabogados.com\/ca\/pez-luz\/\">\n\t\t\t\t\t\t<span class=\"elementor-button-content-wrapper\">\n\t\t\t\t\t\t<span class=\"elementor-button-icon\">\n\t\t\t\t<svg xmlns=\"http:\/\/www.w3.org\/2000\/svg\" fill=\"#fcfcfc\" width=\"800px\" height=\"800px\" viewBox=\"0 0 1920 1920\"><g id=\"SVGRepo_bgCarrier\" stroke-width=\"0\"><\/g><g id=\"SVGRepo_tracerCarrier\" stroke-linecap=\"round\" stroke-linejoin=\"round\"><\/g><g id=\"SVGRepo_iconCarrier\"><path d=\"M615.177 345 0 960.292l615.177 615.177 81.25-81.25-476.467-476.466H1920V902.83H219.96l476.467-476.58z\" fill-rule=\"evenodd\"><\/path><\/g><\/svg>\t\t\t<\/span>\n\t\t\t\t\t\t\t\t\t<span class=\"elementor-button-text\">Pez Luz<\/span>\n\t\t\t\t\t<\/span>\n\t\t\t\t\t<\/a>\n\t\t\t\t\t\t\t\t<\/div>\n\t\t\t\t<\/div>\n\t\t\t\t<\/div>\n\t\t\t\t<\/div>\n\t\t\t\t\t<\/div>\n\t\t\t\t<\/div>\n\t\t<div class=\"elementor-element elementor-element-bd9dd1e e-flex e-con-boxed e-con e-parent\" data-id=\"bd9dd1e\" data-element_type=\"container\" data-e-type=\"container\" data-settings=\"{&quot;background_background&quot;:&quot;gradient&quot;}\">\n\t\t\t\t\t<div class=\"e-con-inner\">\n\t\t<div class=\"elementor-element elementor-element-e1ecdd2 e-con-full e-flex elementor-invisible e-con e-child\" data-id=\"e1ecdd2\" data-element_type=\"container\" data-e-type=\"container\" data-settings=\"{&quot;animation&quot;:&quot;fadeIn&quot;,&quot;animation_mobile&quot;:&quot;none&quot;}\">\n\t\t<div class=\"elementor-element elementor-element-2b2eb8e e-con-full e-flex e-con e-child\" data-id=\"2b2eb8e\" data-element_type=\"container\" data-e-type=\"container\">\n\t\t\t\t<div class=\"elementor-element elementor-element-a73e82d elementor-widget-tablet__width-initial elementor-widget__width-initial elementor-widget elementor-widget-heading\" data-id=\"a73e82d\" data-element_type=\"widget\" data-e-type=\"widget\" data-widget_type=\"heading.default\">\n\t\t\t\t\t<h3 class=\"elementor-heading-title elementor-size-default\">Com interactuen les diferents mat\u00e8ries i per qu\u00e8 importa.<\/h3>\t\t\t\t<\/div>\n\t\t\t\t<div class=\"elementor-element elementor-element-16cd713 elementor-widget elementor-widget-text-editor\" data-id=\"16cd713\" data-element_type=\"widget\" data-e-type=\"widget\" data-widget_type=\"text-editor.default\">\n\t\t\t\t\t\t\t\t\t<p>A l&#8217;entorn digital, Intel\u00b7lig\u00e8ncia Artificial, Propietat Intel\u00b7lectual, Protecci\u00f3 de Dades i LSSI conflueixen en cada producte i servei. Per convertir aquesta complexitat en avantatge, les solucions han de coordinar marcs jur\u00eddics, contractes i processos sota una mateixa arquitectura.<\/p>\n\t\t\t\t\t\t\t\t<\/div>\n\t\t\t\t<\/div>\n\t\t<div class=\"elementor-element elementor-element-c4124ee e-con-full e-flex e-con e-child\" data-id=\"c4124ee\" data-element_type=\"container\" data-e-type=\"container\" data-settings=\"{&quot;motion_fx_motion_fx_scrolling&quot;:&quot;yes&quot;,&quot;motion_fx_translateY_effect&quot;:&quot;yes&quot;,&quot;motion_fx_translateY_direction&quot;:&quot;negative&quot;,&quot;motion_fx_translateY_speed&quot;:{&quot;unit&quot;:&quot;px&quot;,&quot;size&quot;:1,&quot;sizes&quot;:[]},&quot;motion_fx_translateY_affectedRange&quot;:{&quot;unit&quot;:&quot;%&quot;,&quot;size&quot;:&quot;&quot;,&quot;sizes&quot;:{&quot;start&quot;:0,&quot;end&quot;:100}},&quot;motion_fx_devices&quot;:[&quot;desktop&quot;,&quot;tablet&quot;,&quot;mobile&quot;]}\">\n\t\t\t\t<\/div>\n\t\t\t\t<\/div>\n\t\t<div class=\"elementor-element elementor-element-0abdd7b e-con-full e-flex elementor-invisible e-con e-child\" data-id=\"0abdd7b\" data-element_type=\"container\" data-e-type=\"container\" data-settings=\"{&quot;animation&quot;:&quot;fadeIn&quot;,&quot;animation_mobile&quot;:&quot;none&quot;}\">\n\t\t<div class=\"elementor-element elementor-element-1ca523a e-con-full e-flex e-con e-child\" data-id=\"1ca523a\" data-element_type=\"container\" data-e-type=\"container\">\n\t\t\t\t<div class=\"elementor-element elementor-element-1e7d401 elementor-widget-tablet__width-initial elementor-widget__width-initial elementor-widget elementor-widget-heading\" data-id=\"1e7d401\" data-element_type=\"widget\" data-e-type=\"widget\" data-widget_type=\"heading.default\">\n\t\t\t\t\t<h3 class=\"elementor-heading-title elementor-size-default\">Interacci\u00f3 entre Intel\u00b7lig\u00e8ncia Artificial i Propietat Intel\u00b7lectual.<\/h3>\t\t\t\t<\/div>\n\t\t\t\t<div class=\"elementor-element elementor-element-d0f4dfa elementor-widget elementor-widget-text-editor\" data-id=\"d0f4dfa\" data-element_type=\"widget\" data-e-type=\"widget\" data-widget_type=\"text-editor.default\">\n\t\t\t\t\t\t\t\t\t<p>Oferim el disseny de la cadena de drets per entrenar i explotar sistemes i continguts amb seguretat: verificaci\u00f3 de materials i datasets, llic\u00e8ncies i cessions (incloent-hi programari i bases de dades), respecte de drets morals i patrimonials, gesti\u00f3 d&#8217;obra derivada i atribuci\u00f3, cl\u00e0usules de garantia i indemnitat amb prove\u00efdors i plataformes, i evid\u00e8ncies de titularitat per prevenir i. Resultat: explotaci\u00f3 l\u00edcita de models i resultats.<\/p>\n\t\t\t\t\t\t\t\t<\/div>\n\t\t\t\t<\/div>\n\t\t<div class=\"elementor-element elementor-element-e6bd905 e-con-full e-flex e-con e-child\" data-id=\"e6bd905\" data-element_type=\"container\" data-e-type=\"container\" data-settings=\"{&quot;motion_fx_motion_fx_scrolling&quot;:&quot;yes&quot;,&quot;motion_fx_translateY_effect&quot;:&quot;yes&quot;,&quot;motion_fx_translateY_speed&quot;:{&quot;unit&quot;:&quot;px&quot;,&quot;size&quot;:1,&quot;sizes&quot;:[]},&quot;motion_fx_translateY_affectedRange&quot;:{&quot;unit&quot;:&quot;%&quot;,&quot;size&quot;:&quot;&quot;,&quot;sizes&quot;:{&quot;start&quot;:0,&quot;end&quot;:100}},&quot;motion_fx_devices&quot;:[&quot;desktop&quot;,&quot;tablet&quot;,&quot;mobile&quot;]}\">\n\t\t\t\t<\/div>\n\t\t\t\t<\/div>\n\t\t<div class=\"elementor-element elementor-element-96cbc94 e-con-full e-flex elementor-invisible e-con e-child\" data-id=\"96cbc94\" data-element_type=\"container\" data-e-type=\"container\" data-settings=\"{&quot;animation&quot;:&quot;fadeIn&quot;,&quot;animation_mobile&quot;:&quot;none&quot;}\">\n\t\t<div class=\"elementor-element elementor-element-00672ee e-con-full e-flex e-con e-child\" data-id=\"00672ee\" data-element_type=\"container\" data-e-type=\"container\">\n\t\t\t\t<div class=\"elementor-element elementor-element-cde666b elementor-widget-tablet__width-initial elementor-widget__width-initial elementor-widget elementor-widget-heading\" data-id=\"cde666b\" data-element_type=\"widget\" data-e-type=\"widget\" data-widget_type=\"heading.default\">\n\t\t\t\t\t<h3 class=\"elementor-heading-title elementor-size-default\">Interacci\u00f3 entre Intel\u00b7lig\u00e8ncia Artificial i Protecci\u00f3 de Dades Personals.<\/h3>\t\t\t\t<\/div>\n\t\t\t\t<div class=\"elementor-element elementor-element-8864ce8 elementor-widget elementor-widget-text-editor\" data-id=\"8864ce8\" data-element_type=\"widget\" data-e-type=\"widget\" data-widget_type=\"text-editor.default\">\n\t\t\t\t\t\t\t\t\t<p>Oferim implementaci\u00f3 d&#8217;acord amb el Reglament General de Protecci\u00f3 de Dades (RGPD) i la Llei Org\u00e0nica de Protecci\u00f3 de Dades i Garantia dels Drets Digitals (LOPDGDD): base jur\u00eddica adequada, minimitzaci\u00f3, avaluaci\u00f3 d&#8217;impacte en la protecci\u00f3 de dades (EIPD\/DPIA), transpar\u00e8ncia i control de biaixos, Registre d&#8217;Activitats privadesa des del disseny. Resultat: models l\u00edcits, auditables i fiables que redueixen risc regulatori.<\/p>\n\t\t\t\t\t\t\t\t<\/div>\n\t\t\t\t<\/div>\n\t\t<div class=\"elementor-element elementor-element-35c9cee e-con-full e-flex e-con e-child\" data-id=\"35c9cee\" data-element_type=\"container\" data-e-type=\"container\" data-settings=\"{&quot;motion_fx_motion_fx_scrolling&quot;:&quot;yes&quot;,&quot;motion_fx_translateY_effect&quot;:&quot;yes&quot;,&quot;motion_fx_translateY_direction&quot;:&quot;negative&quot;,&quot;motion_fx_translateY_speed&quot;:{&quot;unit&quot;:&quot;px&quot;,&quot;size&quot;:1,&quot;sizes&quot;:[]},&quot;motion_fx_translateY_affectedRange&quot;:{&quot;unit&quot;:&quot;%&quot;,&quot;size&quot;:&quot;&quot;,&quot;sizes&quot;:{&quot;start&quot;:0,&quot;end&quot;:100}},&quot;motion_fx_devices&quot;:[&quot;desktop&quot;,&quot;tablet&quot;,&quot;mobile&quot;]}\">\n\t\t\t\t<\/div>\n\t\t\t\t<\/div>\n\t\t<div class=\"elementor-element elementor-element-13eb2f5 e-con-full e-flex elementor-invisible e-con e-child\" data-id=\"13eb2f5\" data-element_type=\"container\" data-e-type=\"container\" data-settings=\"{&quot;animation&quot;:&quot;fadeIn&quot;,&quot;animation_mobile&quot;:&quot;none&quot;}\">\n\t\t<div class=\"elementor-element elementor-element-5d5448f e-con-full e-flex e-con e-child\" data-id=\"5d5448f\" data-element_type=\"container\" data-e-type=\"container\">\n\t\t\t\t<div class=\"elementor-element elementor-element-3bb97ae elementor-widget-tablet__width-initial elementor-widget__width-initial elementor-widget elementor-widget-heading\" data-id=\"3bb97ae\" data-element_type=\"widget\" data-e-type=\"widget\" data-widget_type=\"heading.default\">\n\t\t\t\t\t<h3 class=\"elementor-heading-title elementor-size-default\">Interacci\u00f3 entre LSSI, Propietat Intel\u00b7lectual, Protecci\u00f3 de Dades i normativa digital de l'e-commerce.<\/h3>\t\t\t\t<\/div>\n\t\t\t\t<div class=\"elementor-element elementor-element-c001b74 elementor-widget elementor-widget-text-editor\" data-id=\"c001b74\" data-element_type=\"widget\" data-e-type=\"widget\" data-widget_type=\"text-editor.default\">\n\t\t\t\t\t\t\t\t\t<p>Oferim l&#8217;arquitectura legal completa de l&#8217;operaci\u00f3 digital: Termes i Condicions, pol\u00edtica de continguts i procediment de notificaci\u00f3 i acci\u00f3, llic\u00e8ncies i contingut generat per usuaris (UGC), Pol\u00edtica de Privadesa, Cookies i consentiment, compliment de la LSSI i de consum (inclosa publicitat amb influencers), ciberseguretat legal i resposta a incidents, i mesures contra patron. Resultat: conversi\u00f3 sense friccions amb compliment verificable i escalable.<\/p>\n\t\t\t\t\t\t\t\t<\/div>\n\t\t\t\t<\/div>\n\t\t<div class=\"elementor-element elementor-element-cbee986 e-con-full e-flex e-con e-child\" data-id=\"cbee986\" data-element_type=\"container\" data-e-type=\"container\" data-settings=\"{&quot;motion_fx_motion_fx_scrolling&quot;:&quot;yes&quot;,&quot;motion_fx_translateY_effect&quot;:&quot;yes&quot;,&quot;motion_fx_translateY_speed&quot;:{&quot;unit&quot;:&quot;px&quot;,&quot;size&quot;:1,&quot;sizes&quot;:[]},&quot;motion_fx_translateY_affectedRange&quot;:{&quot;unit&quot;:&quot;%&quot;,&quot;size&quot;:&quot;&quot;,&quot;sizes&quot;:{&quot;start&quot;:0,&quot;end&quot;:100}},&quot;motion_fx_devices&quot;:[&quot;desktop&quot;,&quot;tablet&quot;,&quot;mobile&quot;]}\">\n\t\t\t\t<\/div>\n\t\t\t\t<\/div>\n\t\t\t\t\t<\/div>\n\t\t\t\t<\/div>\n\t\t\t\t<\/div>\n\t\t","protected":false},"excerpt":{"rendered":"<p>Especialitats digitals Complir b\u00e9 per competir millor. Treballem colze a colze amb el client desenvolupant i executant Mapes de risc (risk maps): eina jur\u00eddica que identifica i valora riscos legals segons probabilitat i impacte, controls associats, responsables, terminis i evid\u00e8ncies de compliment; inclou indicadors clau de risc (KRI) i seguiment. Aplicats a RGPD, LOPDGDD, IA, [&hellip;]<\/p>\n","protected":false},"author":1,"featured_media":0,"parent":1251,"menu_order":0,"comment_status":"closed","ping_status":"closed","template":"page-templates\/pagebuilder.php","meta":{"zakra_page_container_layout":"customizer","zakra_page_sidebar_layout":"customizer","zakra_remove_content_margin":false,"zakra_sidebar":"customizer","zakra_transparent_header":"customizer","zakra_logo":0,"zakra_main_header_style":"default","zakra_menu_item_color":"","zakra_menu_item_hover_color":"","zakra_menu_item_active_color":"","zakra_menu_active_style":"","zakra_page_header":true,"inline_featured_image":false,"footnotes":""},"class_list":["post-1286","page","type-page","status-publish","hentry"],"_links":{"self":[{"href":"https:\/\/www.lexpertabogados.com\/ca\/wp-json\/wp\/v2\/pages\/1286","targetHints":{"allow":["GET"]}}],"collection":[{"href":"https:\/\/www.lexpertabogados.com\/ca\/wp-json\/wp\/v2\/pages"}],"about":[{"href":"https:\/\/www.lexpertabogados.com\/ca\/wp-json\/wp\/v2\/types\/page"}],"author":[{"embeddable":true,"href":"https:\/\/www.lexpertabogados.com\/ca\/wp-json\/wp\/v2\/users\/1"}],"replies":[{"embeddable":true,"href":"https:\/\/www.lexpertabogados.com\/ca\/wp-json\/wp\/v2\/comments?post=1286"}],"version-history":[{"count":8,"href":"https:\/\/www.lexpertabogados.com\/ca\/wp-json\/wp\/v2\/pages\/1286\/revisions"}],"predecessor-version":[{"id":1989,"href":"https:\/\/www.lexpertabogados.com\/ca\/wp-json\/wp\/v2\/pages\/1286\/revisions\/1989"}],"up":[{"embeddable":true,"href":"https:\/\/www.lexpertabogados.com\/ca\/wp-json\/wp\/v2\/pages\/1251"}],"wp:attachment":[{"href":"https:\/\/www.lexpertabogados.com\/ca\/wp-json\/wp\/v2\/media?parent=1286"}],"curies":[{"name":"wp","href":"https:\/\/api.w.org\/{rel}","templated":true}]}}